{"id":764,"date":"2021-02-23T10:10:34","date_gmt":"2021-02-23T10:10:34","guid":{"rendered":"https:\/\/3lcode.com\/sandbox\/theresa-stork\/?page_id=764"},"modified":"2021-03-24T19:43:28","modified_gmt":"2021-03-24T19:43:28","slug":"about","status":"publish","type":"page","link":"https:\/\/theresastork.com\/fr\/about\/","title":{"rendered":"BIOGRAPHIE"},"content":{"rendered":"<p><section class=\"fw-main-row  section-light is-parallax\"  id=\"shortcode-91cac1e68b22d256d0b4832f95ee8b3f\">\n\t\t\t<div class=\"overlay-color\"><\/div>\n\t\t<div class=\"fw-container\">\n\t\t<div class=\"SpecialHeading fw-heading fw-heading-h1 text-center\">\n\t\n\t\t\t\t<h1 class='special-title title-stripe'>Biographie<\/h1>\t<\/div>\t<\/div>\n<\/section>\n<section class=\"fw-main-row\"  id=\"shortcode-178a80177715877ba6c4956d1d4e435c\">\n\t\t<div class=\"fw-container\">\n\t\t<div class=\"fw-col-xs-12 fw-col-md-6\">\n\t\n\n<div class=\"SpecialTextBlock\">\n\t\n\t\t<h3 class='special-text-block-title special-text-block-stripe'>BIOGRAPHIE<\/h3>\t\t<div class=\"special-text-block-content\">\n\t\t<p class=\" translation-block\">Th\u00e9resa est une actrice allemande qui vit pr\u00e9sentement au Canada depuis 2019. Elle parle couramment l \u2018anglais, l\u2019allemand et  ma\u00eetrise tr\u00e8s bien le fran\u00e7ais.<\/p><p>Th\u00e9resa a \u00e9tudi\u00e9 comme professionnelle \u00e0 l\u2019\u00c9cole de th\u00e9\u00e2tre de Berlin (Berliner Schule f\u00fcr Schauspiel) et a jou\u00e9 diff\u00e9rents r\u00f4les pour des th\u00e9\u00e2tres allemands \u00e0 travers le pays.<br>\nElle a \u00e9galement obtenu des r\u00f4les dans des s\u00e9ries t\u00e9l\u00e9vis\u00e9es.<\/p><p>Un de ses r\u00f4les principaux favoris \u00e0 \u00e9t\u00e9 le personnage de \u201cNaomi\u201d dans l\u2019adaptation th\u00e9\u00e2trale de la pi\u00e8ce de \u201cAlan and Naomi\u201d par Myron Levon, qu\u2019elle a jou\u00e9 pour le \u201cYoung Theater of Bavaria \u201c (Junges Landestheater Bayern).<\/p><p>Apr\u00e8s deux ann\u00e9es pass\u00e9es en Bavi\u00e8re, Th\u00e9resa a fait une tourn\u00e9e \u00e0 travers l\u2019Allemagne jusqu\u2019\u00e0 son d\u00e9m\u00e9nagement en Ontario en septembre 2019.<\/p><p>In Ottawa, she was cast for two professional theatre productions as well as two short films, which are on hold until further notice due to Covid-19.<\/p><p>Entretemps, elle poursuit des classes en ligne en chant et s\u2019entra\u00eene \u00e0 d\u00e9velopper ses comp\u00e9tences artistiques en th\u00e9\u00e2tre.Elle pratique \u00e9galement son instrument favori, l \u2018accord\u00e9on.<\/p>\t<\/div>\n\t\n<\/div> <!-- end SpecialTextBlock --><\/div>\n<div class=\"fw-col-xs-12 fw-col-md-6\">\n\t<img decoding=\"async\" src=\"\/\/theresastork.com\/wp-content\/uploads\/2021\/02\/theresa-stork-639x734-1.jpg\" alt=\"Theresa Stork portrait\" \/><\/div>\n\t<\/div>\n<\/section>\n<\/p>","protected":false},"excerpt":{"rendered":"<p>About About Theresa Theresa is a German actress currently living in Canada since 2019.She is fluent in English, German and speaks French very well.Theresa was trained as a professional actress at the Berlin School of Acting (Berliner Schule f\u00fcr Schauspiel) and has performed on stage for various German theatre companies as well as different TV&#8230;<\/p>","protected":false},"author":2,"featured_media":0,"parent":0,"menu_order":0,"comment_status":"closed","ping_status":"closed","template":"","meta":{"_monsterinsights_skip_tracking":false,"_monsterinsights_sitenote_active":false,"_monsterinsights_sitenote_note":"","_monsterinsights_sitenote_category":0,"footnotes":""},"class_list":["post-764","page","type-page","status-publish","hentry"],"_links":{"self":[{"href":"https:\/\/theresastork.com\/fr\/wp-json\/wp\/v2\/pages\/764"}],"collection":[{"href":"https:\/\/theresastork.com\/fr\/wp-json\/wp\/v2\/pages"}],"about":[{"href":"https:\/\/theresastork.com\/fr\/wp-json\/wp\/v2\/types\/page"}],"author":[{"embeddable":true,"href":"https:\/\/theresastork.com\/fr\/wp-json\/wp\/v2\/users\/2"}],"replies":[{"embeddable":true,"href":"https:\/\/theresastork.com\/fr\/wp-json\/wp\/v2\/comments?post=764"}],"version-history":[{"count":18,"href":"https:\/\/theresastork.com\/fr\/wp-json\/wp\/v2\/pages\/764\/revisions"}],"predecessor-version":[{"id":2033,"href":"https:\/\/theresastork.com\/fr\/wp-json\/wp\/v2\/pages\/764\/revisions\/2033"}],"wp:attachment":[{"href":"https:\/\/theresastork.com\/fr\/wp-json\/wp\/v2\/media?parent=764"}],"curies":[{"name":"wp","href":"https:\/\/api.w.org\/{rel}","templated":true}]}}