{"id":121,"date":"2021-02-23T08:39:55","date_gmt":"2021-02-23T08:39:55","guid":{"rendered":"https:\/\/3lcode.com\/sandbox\/theresa-stork\/?page_id=121"},"modified":"2024-09-01T15:32:09","modified_gmt":"2024-09-01T15:32:09","slug":"resume","status":"publish","type":"page","link":"https:\/\/theresastork.com\/fr\/resume\/","title":{"rendered":"CV"},"content":{"rendered":"<p><section class=\"fw-main-row  section-light is-parallax\"  id=\"shortcode-9721b3b7d73745ebfbf4c5da7b284e08\">\n\t\t\t<div class=\"overlay-color\"><\/div>\n\t\t<div class=\"fw-container\">\n\t\t<div class=\"fw-col-xs-12\">\n\t<div class=\"SpecialHeading fw-heading fw-heading-h1 text-center\">\n\t\n\t\t\t\t<h1 class='special-title title-stripe'>CV<\/h1>\t<\/div><\/div>\n\t<\/div>\n<\/section>\n<section class=\"fw-main-row\"  id=\"shortcode-bb9b4adc937b2f2040288fac928aac86\">\n\t\t<div class=\"fw-container-full\">\n\t\t<div class=\"fw-col-xs-12 fw-col-md-6\">\n\t\n<div class=\"spacer\" id=\"shortcode-24233c833cdc513f642ca4f8dafb00e6\"><\/div><div class=\"fw-accordion\">\n\t\t\t<h3 class=\"fw-accordion-title\">Autre<\/h3>\n\t\t<div class=\"fw-accordion-content\">\n\t\t\t<p><p>\n<table id=\"tablepress-details\" class=\"tablepress tablepress-id-details\">\n<tbody class=\"row-hover\">\n<tr class=\"row-1\">\n\t<td class=\"column-1\">Taille:<\/td><td class=\"column-2\">5'4\" (165cm)<\/td>\n<\/tr>\n<tr class=\"row-2\">\n\t<td class=\"column-1\">Poids:<\/td><td class=\"column-2\">108lbs (49kg)<\/td>\n<\/tr>\n<tr class=\"row-3\">\n\t<td class=\"column-1\">Cheveux:<\/td><td class=\"column-2\">Brun<\/td>\n<\/tr>\n<tr class=\"row-4\">\n\t<td class=\"column-1\">Yeux:<\/td><td class=\"column-2\">Brun-vert<\/td>\n<\/tr>\n<tr class=\"row-5\">\n\t<td class=\"column-1\">Stature:<\/td><td class=\"column-2\">Mince<\/td>\n<\/tr>\n<tr class=\"row-6\">\n\t<td class=\"column-1\">Tranche d\u2019\u00e2ge:<\/td><td class=\"column-2\">25-35<\/td>\n<\/tr>\n<tr class=\"row-7\">\n\t<td class=\"column-1\">Permis de conduire:<\/td><td class=\"column-2\">G license<\/td>\n<\/tr>\n<\/tbody>\n<\/table>\n<!-- #tablepress-details from cache --><\/p><\/p>\n\t\t<\/div>\n\t\t\t<h3 class=\"fw-accordion-title\"> Film - T\u00e9l\u00e9vision<\/h3>\n\t\t<div class=\"fw-accordion-content\">\n\t\t\t<p><p>\n<table id=\"tablepress-film-tv\" class=\"tablepress tablepress-id-film-tv\">\n<tbody class=\"row-hover\">\n<tr class=\"row-1\">\n\t<td class=\"column-1\"><b>Canada:<\/b><\/td><td class=\"column-2\"><\/td><td class=\"column-3\"><\/td>\n<\/tr>\n<tr class=\"row-2\">\n\t<td class=\"column-1\">Liberation Men<\/td><td class=\"column-2\">Role<\/td><td class=\"column-3\">Feature Film\/KoloProduction\/Terry Jansen<\/td>\n<\/tr>\n<tr class=\"row-3\">\n\t<td class=\"column-1\">Meals On Wheels<\/td><td class=\"column-2\">Role principal<\/td><td class=\"column-3\">Commercial, Public Inc<\/td>\n<\/tr>\n<tr class=\"row-4\">\n\t<td class=\"column-1\">Tom Hardy<\/td><td class=\"column-2\">Role principal<\/td><td class=\"column-3\">Music Video \u2013 LGS\/ Christian Belisle<\/td>\n<\/tr>\n<tr class=\"row-5\">\n\t<td class=\"column-1\">Seance Speaks Louder Than Words<\/td><td class=\"column-2\">Role principal<\/td><td class=\"column-3\">Film prime\u0301 \/ Christian Belisle<\/td>\n<\/tr>\n<tr class=\"row-6\">\n\t<td class=\"column-1\">Real Life Stories<\/td><td class=\"column-2\">Role principal<\/td><td class=\"column-3\">Webseries, Youtube \/ Dan Desmarais<\/td>\n<\/tr>\n<tr class=\"row-7\">\n\t<td class=\"column-1\"><br><br \/>\n<b>Allemagne:<\/b><\/td><td class=\"column-2\"><\/td><td class=\"column-3\"><\/td>\n<\/tr>\n<tr class=\"row-8\">\n\t<td class=\"column-1\">Schicksale<\/td><td class=\"column-2\">Role principal<\/td><td class=\"column-3\">Constantin Entertainment \/ Patrick Freiheit<\/td>\n<\/tr>\n<tr class=\"row-9\">\n\t<td class=\"column-1\">Der Brief<\/td><td class=\"column-2\">Role principal<\/td><td class=\"column-3\">Court me\u0301trage \/ Bjo\u0308rn Nelke<\/td>\n<\/tr>\n<tr class=\"row-10\">\n\t<td class=\"column-1\">In Gefahr<\/td><td class=\"column-2\">Role principal<\/td><td class=\"column-3\">Constantin Entertainment \/ Patrick Freiheit<\/td>\n<\/tr>\n<tr class=\"row-11\">\n\t<td class=\"column-1\">In Gefahr<\/td><td class=\"column-2\">Role secondaire<\/td><td class=\"column-3\">Constantin Entertainment \/ Martina Allgeyer<\/td>\n<\/tr>\n<tr class=\"row-12\">\n\t<td class=\"column-1\">Die Komissare<\/td><td class=\"column-2\">Role secondaire<\/td><td class=\"column-3\">Constantin Entertainment \/ J\u00f6rg Schmidt<\/td>\n<\/tr>\n<tr class=\"row-13\">\n\t<td class=\"column-1\">Fikkefuchs<\/td><td class=\"column-2\">Role<\/td><td class=\"column-3\">Feature Independent \/ Jan Hendrik Stahlberg<\/td>\n<\/tr>\n<\/tbody>\n<\/table>\n<!-- #tablepress-film-tv from cache --><\/p><\/p>\n\t\t<\/div>\n\t\t\t<h3 class=\"fw-accordion-title\">Th\u00e9\u00e2tre<\/h3>\n\t\t<div class=\"fw-accordion-content\">\n\t\t\t<p><p>\n<table id=\"tablepress-Theatre\" class=\"tablepress tablepress-id-Theatre\">\n<tbody class=\"row-hover\">\n<tr class=\"row-1\">\n\t<td class=\"column-1\"><b>Canada:<\/b><\/td><td class=\"column-2\"><\/td><td class=\"column-3\"><\/td>\n<\/tr>\n<tr class=\"row-2\">\n\t<td class=\"column-1\">The Tribunal<\/td><td class=\"column-2\">Alex<\/td><td class=\"column-3\">TACTICS Ottawa\/ Dillon Orr<\/td>\n<\/tr>\n<tr class=\"row-3\">\n\t<td class=\"column-1\">Roots and Identity <\/td><td class=\"column-2\">Theresa<\/td><td class=\"column-3\">OttawaStoryTellers \/ Marta Singh<\/td>\n<\/tr>\n<tr class=\"row-4\">\n\t<td class=\"column-1\">Vagina Monologues<\/td><td class=\"column-2\">Bob<\/td><td class=\"column-3\">SASC Ottawa \/ Sheryne Morcos<\/td>\n<\/tr>\n<tr class=\"row-5\">\n\t<td class=\"column-1\">Halloween Cabaret<\/td><td class=\"column-2\">Ensemble<\/td><td class=\"column-3\">Atomic Vaudeville \/ Alex Wlasenko<\/td>\n<\/tr>\n<tr class=\"row-6\">\n\t<td class=\"column-1\"><br><br \/>\n<b>Allemagne:<\/b><\/td><td class=\"column-2\"><\/td><td class=\"column-3\"><\/td>\n<\/tr>\n<tr class=\"row-7\">\n\t<td class=\"column-1\">Petrol and Neurons<\/td><td class=\"column-2\">Sam<\/td><td class=\"column-3\">Piccolo teatro\/ Andy Jordan<\/td>\n<\/tr>\n<tr class=\"row-8\">\n\t<td class=\"column-1\">Alan and Naomi<\/td><td class=\"column-2\">Naomi<\/td><td class=\"column-3\">JLTB Theater \/ Matthias Fischer<\/td>\n<\/tr>\n<tr class=\"row-9\">\n\t<td class=\"column-1\">The Little Wild Animal<\/td><td class=\"column-2\">Ensemble<\/td><td class=\"column-3\">JLTB Theater \/ Matthias Fischer<\/td>\n<\/tr>\n<tr class=\"row-10\">\n\t<td class=\"column-1\">Es ist nicht alles Silber..<\/td><td class=\"column-2\">Kerstin<\/td><td class=\"column-3\">Klosstheater \/ Enrico Henniges<\/td>\n<\/tr>\n<tr class=\"row-11\">\n\t<td class=\"column-1\">Effi Briest<\/td><td class=\"column-2\">Hulda, Roswhita<\/td><td class=\"column-3\">Neues Theater Zeitz \/ A.Schuch-Greif<\/td>\n<\/tr>\n<tr class=\"row-12\">\n\t<td class=\"column-1\">Heiles Deutschland<\/td><td class=\"column-2\">Melanie<\/td><td class=\"column-3\">B\u00fchnengold Berlin \/ Dominique Berg<\/td>\n<\/tr>\n<tr class=\"row-13\">\n\t<td class=\"column-1\">Aristophanes\u0092 Frogs<\/td><td class=\"column-2\">Konstantina<\/td><td class=\"column-3\">HAU1Berlin \/ Dennis Krauss<\/td>\n<\/tr>\n<tr class=\"row-14\">\n\t<td class=\"column-1\">Tanz auf dem Vulkan<\/td><td class=\"column-2\">Sabina<\/td><td class=\"column-3\">Theaterkapelle \/ Arnim Beutel<\/td>\n<\/tr>\n<tr class=\"row-15\">\n\t<td class=\"column-1\">The House of Dreams<\/td><td class=\"column-2\">Bianca<\/td><td class=\"column-3\">Tacheles \/ Sabia Khan<\/td>\n<\/tr>\n<tr class=\"row-16\">\n\t<td class=\"column-1\">Murder at the Banquet<\/td><td class=\"column-2\">Ensemble<\/td><td class=\"column-3\">Krimimobil Berlin \/ Karsten Morschett<\/td>\n<\/tr>\n<tr class=\"row-17\">\n\t<td class=\"column-1\">Murder in the Spa Hotel<\/td><td class=\"column-2\">Ensemble<\/td><td class=\"column-3\">Krimimobil Berlin \/ Karsten Morschett<\/td>\n<\/tr>\n<tr class=\"row-18\">\n\t<td class=\"column-1\">Berlin in the middle ages<\/td><td class=\"column-2\">Ensemble<\/td><td class=\"column-3\">Berlin Dungeon \/ Various directors<\/td>\n<\/tr>\n<\/tbody>\n<\/table>\n<!-- #tablepress-Theatre from cache --><\/p><p>JLTB = Junges Landestheater Bayern (Th\u00e9\u00e2tre d'\u00c9tat des jeunes de Bavi\u00e8re) - 2 saisons, Kloss theater - 1 saison, B\u00fchnengold Berlin - 1 saison, Theater Krimimobil Berlin - 2 saisons, Berlin Dungeon - 2 saisons<\/p><\/p>\n\t\t<\/div>\n\t\t\t<h3 class=\"fw-accordion-title\">Formation<\/h3>\n\t\t<div class=\"fw-accordion-content\">\n\t\t\t<p><p>\n<table id=\"tablepress-education\" class=\"tablepress tablepress-id-education\">\n<tbody class=\"row-hover\">\n<tr class=\"row-1\">\n\t<td class=\"column-1\">The Purposeful Actor<\/td><td class=\"column-2\">Acting Program by Coach Jo Kelly<\/td>\n<\/tr>\n<tr class=\"row-2\">\n\t<td class=\"column-1\">The Reset Journey<\/td><td class=\"column-2\">Acting,Program by Jo Kelly<\/td>\n<\/tr>\n<tr class=\"row-3\">\n\t<td class=\"column-1\">\u00c9cole de Th\u00e9\u00e2tre<\/td><td class=\"column-2\">Berliner Schule f\u00fcr Schauspiel (Berlin School of Acting), Berlin<\/td>\n<\/tr>\n<tr class=\"row-4\">\n\t<td class=\"column-1\">Etude de Sc\u00e8ne<\/td><td class=\"column-2\">Acting Company, Chris Ralph, Ottawa<\/td>\n<\/tr>\n<tr class=\"row-5\">\n\t<td class=\"column-1\">Coaching Priv\u00e9<\/td><td class=\"column-2\">Rubina Gubj\u00f6rnsson, Germany<\/td>\n<\/tr>\n<tr class=\"row-6\">\n\t<td class=\"column-1\">Instruction d'improvisation<\/td><td class=\"column-2\">HBO Studio New York, NYC<\/td>\n<\/tr>\n<\/tbody>\n<\/table>\n<!-- #tablepress-education from cache --><\/p><\/p>\n\t\t<\/div>\n\t\t\t<h3 class=\"fw-accordion-title\">Comp\u00e9tences Sp\u00e9ciales<\/h3>\n\t\t<div class=\"fw-accordion-content\">\n\t\t\t<p><p>\n<table id=\"tablepress-special-skills\" class=\"tablepress tablepress-id-special-skills\">\n<tbody class=\"row-hover\">\n<tr class=\"row-1\">\n\t<td class=\"column-1\">Langues:<\/td><td class=\"column-2\">Anglais (courant), Allemand (langue maternelle), Fran\u00e7ais (avanc\u00e9)<\/td>\n<\/tr>\n<tr class=\"row-2\">\n\t<td class=\"column-1\">Instrument:<\/td><td class=\"column-2\">Accord\u00e9on<\/td>\n<\/tr>\n<tr class=\"row-3\">\n\t<td class=\"column-1\">Chant:<\/td><td class=\"column-2\">Soprano<\/td>\n<\/tr>\n<tr class=\"row-4\">\n\t<td class=\"column-1\">Danse:<\/td><td class=\"column-2\">Bonnes connaissances de la danse classique<\/td>\n<\/tr>\n<tr class=\"row-5\">\n\t<td class=\"column-1\">Autre:<\/td><td class=\"column-2\">\u00c9quitation, Yoga<\/td>\n<\/tr>\n<\/tbody>\n<\/table>\n<!-- #tablepress-special-skills from cache --><\/p><\/p>\n\t\t<\/div>\n\t<\/div>\n<div class=\"spacer\" id=\"shortcode-784ce1e876a244e73c14b9dbe6f781e6\"><\/div>\n\n<div class=\"SpecialTextBlock\">\n\t\n\t\t<h3 class='special-text-block-title special-text-block-stripe'>T\u00e9l\u00e9charger Resume<\/h3>\t\t<div class=\"special-text-block-content\">\n\t\t<p><a href=\"https:\/\/theresastork.com\/wp-content\/uploads\/2024\/09\/Theresa-Stork-Resume-Film.pdf\">English<\/a>\u00a0 \u00a0 \u00a0 \u00a0 \u00a0 \u00a0<a href=\"https:\/\/theresastork.com\/wp-content\/uploads\/2022\/02\/Theresa_Stork-Resume_FR-22.pdf\" target=\"_blank\" rel=\"noopener\">Fran\u00e7ais<\/a><\/p>\t<\/div>\n\t\n<\/div> <!-- end SpecialTextBlock --><\/div>\n<div class=\"fw-col-xs-12 fw-col-md-6\">\n\t<img decoding=\"async\" src=\"\/\/theresastork.com\/wp-content\/uploads\/2021\/02\/theresa-stork-621x755-1.jpg\" alt=\"Theresa Stork portrait\" \/><\/div>\n\t<\/div>\n<\/section>\n<section class=\"fw-main-row\"  id=\"shortcode-c2ec500ba9faf87607192f0a326000e0\">\n\t\t<div class=\"fw-container\">\n\t\t\n<div class=\"spacer\" id=\"shortcode-75761ff1f8bc04500ff62086a201c4ff\"><\/div>\t<\/div>\n<\/section>\n<section class=\"fw-main-row\"  id=\"shortcode-31f946c952f05fd746d2315f20b64711\">\n\t\t<div class=\"fw-container\">\n\t\t<div class=\"fw-col-xs-12 fw-col-sm-12 fw-col-md-4\">\n\t\n\n<div class=\"BoxIcon box-icon-vertical is-matchheight\">\n\t\t\t\t\t<div class=\"box-header-wrapper box-header-icon\">\n\t\t\t<i class=\"icon-TV\"><\/i>\n\t\t<\/div>\n\t\t<div class=\"box-icon-content\">\n\t\t\t\t\t\t\t<h4 class=\"box-icon-title\">T\u00e9l\u00e9vision<\/h4>\n\t\t\t\t<div class=\"box-icon-subtitle\">Theresa a jou\u00e9 dans plusieurs \u00e9missions de t\u00e9l\u00e9vision<\/div>\n\t<\/div>\n<\/div>\n<\/div>\n<div class=\"fw-col-xs-12 fw-col-sm-12 fw-col-md-4\">\n\t\n\n<div class=\"BoxIcon box-icon-vertical is-matchheight\">\n\t\t\t\t\t<div class=\"box-header-wrapper box-header-icon\">\n\t\t\t<i class=\"icon-Cinema\"><\/i>\n\t\t<\/div>\n\t\t<div class=\"box-icon-content\">\n\t\t\t\t\t\t\t<h4 class=\"box-icon-title\">Th\u00e9\u00e2tre<\/h4>\n\t\t\t\t<div class=\"box-icon-subtitle\">Theresa a jou\u00e9 dans plusieurs spectacles de th\u00e9\u00e2tre<\/div>\n\t<\/div>\n<\/div>\n<\/div>\n<div class=\"fw-col-xs-12 fw-col-sm-12 fw-col-md-4\">\n\t\n\n<div class=\"BoxIcon box-icon-vertical is-matchheight\">\n\t\t\t\t\t<div class=\"box-header-wrapper box-header-icon\">\n\t\t\t<i class=\"icon-Microphone-5\"><\/i>\n\t\t<\/div>\n\t\t<div class=\"box-icon-content\">\n\t\t\t\t\t\t\t<h4 class=\"box-icon-title\">Chant:<\/h4>\n\t\t\t\t<div class=\"box-icon-subtitle\">Theresa est une chanteuse accomplie<\/div>\n\t<\/div>\n<\/div>\n<\/div>\n\t<\/div>\n<\/section>\n<\/p>","protected":false},"excerpt":{"rendered":"<p>Resume Details Height:5&#8217;4&#8243; (165cm) Weight:108lbs (49kg) Hair:Brown Eyes:Brown-green Stature:Slim Playing Age:25-35 Driving License:G license Film &#8211; TV Canada: Liberation MenPrincipalFeature Film\/KoloProduction\/Terry Jansen Meals On WheelsLeadCommercial, Public Inc Tom HardyLeadMusic Video \u2013 LGS\/ Christian Belisle Seance Speaks Louder Than WordsLeadShort for Digi60 Ottawa \/ Christian Belisle Real Life StoriesLeadEpisodes for Webseries \/ Dan Desmarais Germany: SchicksaleLeadConstantin&#8230;<\/p>","protected":false},"author":2,"featured_media":0,"parent":0,"menu_order":0,"comment_status":"closed","ping_status":"closed","template":"","meta":{"_monsterinsights_skip_tracking":false,"_monsterinsights_sitenote_active":false,"_monsterinsights_sitenote_note":"","_monsterinsights_sitenote_category":0,"footnotes":""},"class_list":["post-121","page","type-page","status-publish","hentry"],"_links":{"self":[{"href":"https:\/\/theresastork.com\/fr\/wp-json\/wp\/v2\/pages\/121"}],"collection":[{"href":"https:\/\/theresastork.com\/fr\/wp-json\/wp\/v2\/pages"}],"about":[{"href":"https:\/\/theresastork.com\/fr\/wp-json\/wp\/v2\/types\/page"}],"author":[{"embeddable":true,"href":"https:\/\/theresastork.com\/fr\/wp-json\/wp\/v2\/users\/2"}],"replies":[{"embeddable":true,"href":"https:\/\/theresastork.com\/fr\/wp-json\/wp\/v2\/comments?post=121"}],"version-history":[{"count":29,"href":"https:\/\/theresastork.com\/fr\/wp-json\/wp\/v2\/pages\/121\/revisions"}],"predecessor-version":[{"id":2101,"href":"https:\/\/theresastork.com\/fr\/wp-json\/wp\/v2\/pages\/121\/revisions\/2101"}],"wp:attachment":[{"href":"https:\/\/theresastork.com\/fr\/wp-json\/wp\/v2\/media?parent=121"}],"curies":[{"name":"wp","href":"https:\/\/api.w.org\/{rel}","templated":true}]}}